{"id":1516,"date":"2026-01-13T23:14:51","date_gmt":"2026-01-13T22:14:51","guid":{"rendered":"https:\/\/terapiapedagogicznaok.pl\/?page_id=1516"},"modified":"2026-03-09T09:56:53","modified_gmt":"2026-03-09T08:56:53","slug":"aktualnosci","status":"publish","type":"page","link":"https:\/\/terapiapedagogicznaok.pl\/?page_id=1516","title":{"rendered":"Aktualno\u015bci"},"content":{"rendered":"\t\t<div data-elementor-type=\"wp-post\" data-elementor-id=\"1516\" class=\"elementor elementor-1516\">\n\t\t\t\t\t\t<section class=\"elementor-section elementor-top-section elementor-element elementor-element-wyxizls elementor-section-content-middle elementor-section-boxed elementor-section-height-default elementor-section-height-default\" data-id=\"wyxizls\" data-element_type=\"section\">\n\t\t\t\t\t\t<div class=\"elementor-container elementor-column-gap-default\">\n\t\t\t\t\t<div class=\"elementor-column elementor-col-50 elementor-top-column elementor-element elementor-element-ibtffgp\" data-id=\"ibtffgp\" data-element_type=\"column\">\n\t\t\t<div class=\"elementor-widget-wrap elementor-element-populated\">\n\t\t\t\t\t\t<div class=\"elementor-element elementor-element-xdpmieu elementor-widget elementor-widget-heading\" data-id=\"xdpmieu\" data-element_type=\"widget\" data-widget_type=\"heading.default\">\n\t\t\t\t<div class=\"elementor-widget-container\">\n\t\t\t<style>\/*! elementor - v3.23.0 - 05-08-2024 *\/\n.elementor-heading-title{padding:0;margin:0;line-height:1}.elementor-widget-heading .elementor-heading-title[class*=elementor-size-]>a{color:inherit;font-size:inherit;line-height:inherit}.elementor-widget-heading .elementor-heading-title.elementor-size-small{font-size:15px}.elementor-widget-heading .elementor-heading-title.elementor-size-medium{font-size:19px}.elementor-widget-heading .elementor-heading-title.elementor-size-large{font-size:29px}.elementor-widget-heading .elementor-heading-title.elementor-size-xl{font-size:39px}.elementor-widget-heading .elementor-heading-title.elementor-size-xxl{font-size:59px}<\/style><h2 class=\"elementor-heading-title elementor-size-default\">Aktualno\u015bci<\/h2>\t\t<\/div>\n\t\t\t\t<\/div>\n\t\t\t\t<div class=\"elementor-element elementor-element-nhkduna elementor-widget elementor-widget-text-editor\" data-id=\"nhkduna\" data-element_type=\"widget\" data-widget_type=\"text-editor.default\">\n\t\t\t\t<div class=\"elementor-widget-container\">\n\t\t\t<style>\/*! elementor - v3.23.0 - 05-08-2024 *\/\n.elementor-widget-text-editor.elementor-drop-cap-view-stacked .elementor-drop-cap{background-color:#69727d;color:#fff}.elementor-widget-text-editor.elementor-drop-cap-view-framed .elementor-drop-cap{color:#69727d;border:3px solid;background-color:transparent}.elementor-widget-text-editor:not(.elementor-drop-cap-view-default) .elementor-drop-cap{margin-top:8px}.elementor-widget-text-editor:not(.elementor-drop-cap-view-default) .elementor-drop-cap-letter{width:1em;height:1em}.elementor-widget-text-editor .elementor-drop-cap{float:left;text-align:center;line-height:1;font-size:50px}.elementor-widget-text-editor .elementor-drop-cap-letter{display:inline-block}<\/style>\t\t\t\t<p><b><span style=\"font-size: 12pt; line-height: 107%; font-family: 'Times New Roman', serif; color: red; background-image: initial; background-position: initial; background-size: initial; background-repeat: initial; background-attachment: initial; background-origin: initial; background-clip: initial;\">Szanowni Pa\u0144stwo,<\/span><\/b><\/p>\n<p><span style=\"color: #ff0000;\">Od 01.09.2025 r. zaj\u0119cia terapeutyczne odbywaj\u0105 si\u0119 od poniedzia\u0142ku do czwartku w ni\u017cej wyszczeg\u00f3lnionych godzinach:<\/span><\/p>\n<ul>\n<li style=\"list-style-type: none;\">\n<ul>\n<li>Poniedzia\u0142ek 13:00-18:00<\/li>\n<li>Wtorek 13:00 \u2013 19:00<\/li>\n<li>\u015aroda 13:00 \u2013 19:00<\/li>\n<li>Czwartek 13:00 \u2013 19:00<\/li>\n<li>Pi\u0105tek (diagnozy i konsultacje -po wcze\u015bniejszym um\u00f3wieniu terminu).<\/li>\n<\/ul>\n<\/li>\n<\/ul>\n<p>W celu um\u00f3wienia dziecka na diagnoz\u0119 przetwarzania s\u0142uchowego wg metody Warnkego, diagnoz\u0119 terapii r\u0119ki, diagnoz\u0119 pedagogiczn\u0105 lub konsultacj\u0119 pedagogiczn\u0105 prosz\u0119 o kontakt telefoniczny: +48&nbsp;668&nbsp;601 556.<\/p>\n<p>Do zobaczenia<\/p>\t\t\t\t\t\t<\/div>\n\t\t\t\t<\/div>\n\t\t\t\t\t<\/div>\n\t\t<\/div>\n\t\t\t\t<div class=\"elementor-column elementor-col-50 elementor-top-column elementor-element elementor-element-bveocsz\" data-id=\"bveocsz\" data-element_type=\"column\">\n\t\t\t<div class=\"elementor-widget-wrap elementor-element-populated\">\n\t\t\t\t\t\t<div class=\"elementor-element elementor-element-fgedytl elementor-widget elementor-widget-image\" data-id=\"fgedytl\" data-element_type=\"widget\" data-widget_type=\"image.default\">\n\t\t\t\t<div class=\"elementor-widget-container\">\n\t\t\t<style>\/*! elementor - v3.23.0 - 05-08-2024 *\/\n.elementor-widget-image{text-align:center}.elementor-widget-image a{display:inline-block}.elementor-widget-image a img[src$=\".svg\"]{width:48px}.elementor-widget-image img{vertical-align:middle;display:inline-block}<\/style>\t\t\t\t\t\t\t\t\t\t<img fetchpriority=\"high\" decoding=\"async\" width=\"512\" height=\"512\" src=\"https:\/\/terapiapedagogicznaok.pl\/wp-content\/uploads\/2024\/08\/cropped-icon-ok.png\" class=\"attachment-medium_large size-medium_large wp-image-1111\" alt=\"\" srcset=\"https:\/\/terapiapedagogicznaok.pl\/wp-content\/uploads\/2024\/08\/cropped-icon-ok.png 512w, https:\/\/terapiapedagogicznaok.pl\/wp-content\/uploads\/2024\/08\/cropped-icon-ok-300x300.png 300w, https:\/\/terapiapedagogicznaok.pl\/wp-content\/uploads\/2024\/08\/cropped-icon-ok-150x150.png 150w, https:\/\/terapiapedagogicznaok.pl\/wp-content\/uploads\/2024\/08\/cropped-icon-ok-270x270.png 270w, https:\/\/terapiapedagogicznaok.pl\/wp-content\/uploads\/2024\/08\/cropped-icon-ok-192x192.png 192w, https:\/\/terapiapedagogicznaok.pl\/wp-content\/uploads\/2024\/08\/cropped-icon-ok-180x180.png 180w, https:\/\/terapiapedagogicznaok.pl\/wp-content\/uploads\/2024\/08\/cropped-icon-ok-32x32.png 32w\" sizes=\"(max-width: 512px) 100vw, 512px\" \/>\t\t\t\t\t\t\t\t\t\t\t\t\t<\/div>\n\t\t\t\t<\/div>\n\t\t\t\t\t<\/div>\n\t\t<\/div>\n\t\t\t\t\t<\/div>\n\t\t<\/section>\n\t\t\t\t<\/div>\n\t\t","protected":false},"excerpt":{"rendered":"<p>Aktualno\u015bci Szanowni Pa\u0144stwo, Od 01.09.2025 r. zaj\u0119cia terapeutyczne odbywaj\u0105 si\u0119 od poniedzia\u0142ku do czwartku w ni\u017cej wyszczeg\u00f3lnionych godzinach: Poniedzia\u0142ek 13:00-18:00 Wtorek 13:00 \u2013 19:00 \u015aroda 13:00 \u2013 19:00 Czwartek 13:00 \u2013 19:00 Pi\u0105tek (diagnozy i konsultacje -po wcze\u015bniejszym um\u00f3wieniu terminu). W celu um\u00f3wienia dziecka na diagnoz\u0119 przetwarzania s\u0142uchowego wg metody Warnkego, diagnoz\u0119 terapii r\u0119ki, diagnoz\u0119 [&hellip;]<\/p>\n","protected":false},"author":1,"featured_media":0,"parent":0,"menu_order":0,"comment_status":"closed","ping_status":"closed","template":"","meta":{"ocean_post_layout":"full-width","ocean_both_sidebars_style":"","ocean_both_sidebars_content_width":0,"ocean_both_sidebars_sidebars_width":0,"ocean_sidebar":"","ocean_second_sidebar":"","ocean_disable_margins":"enable","ocean_add_body_class":"","ocean_shortcode_before_top_bar":"","ocean_shortcode_after_top_bar":"","ocean_shortcode_before_header":"","ocean_shortcode_after_header":"","ocean_has_shortcode":"","ocean_shortcode_after_title":"","ocean_shortcode_before_footer_widgets":"","ocean_shortcode_after_footer_widgets":"","ocean_shortcode_before_footer_bottom":"","ocean_shortcode_after_footer_bottom":"","ocean_display_top_bar":"default","ocean_display_header":"default","ocean_header_style":"","ocean_center_header_left_menu":"","ocean_custom_header_template":"","ocean_custom_logo":0,"ocean_custom_retina_logo":0,"ocean_custom_logo_max_width":0,"ocean_custom_logo_tablet_max_width":0,"ocean_custom_logo_mobile_max_width":0,"ocean_custom_logo_max_height":0,"ocean_custom_logo_tablet_max_height":0,"ocean_custom_logo_mobile_max_height":0,"ocean_header_custom_menu":"","ocean_menu_typo_font_family":"","ocean_menu_typo_font_subset":"","ocean_menu_typo_font_size":0,"ocean_menu_typo_font_size_tablet":0,"ocean_menu_typo_font_size_mobile":0,"ocean_menu_typo_font_size_unit":"px","ocean_menu_typo_font_weight":"","ocean_menu_typo_font_weight_tablet":"","ocean_menu_typo_font_weight_mobile":"","ocean_menu_typo_transform":"","ocean_menu_typo_transform_tablet":"","ocean_menu_typo_transform_mobile":"","ocean_menu_typo_line_height":0,"ocean_menu_typo_line_height_tablet":0,"ocean_menu_typo_line_height_mobile":0,"ocean_menu_typo_line_height_unit":"","ocean_menu_typo_spacing":0,"ocean_menu_typo_spacing_tablet":0,"ocean_menu_typo_spacing_mobile":0,"ocean_menu_typo_spacing_unit":"","ocean_menu_link_color":"","ocean_menu_link_color_hover":"","ocean_menu_link_color_active":"","ocean_menu_link_background":"","ocean_menu_link_hover_background":"","ocean_menu_link_active_background":"","ocean_menu_social_links_bg":"","ocean_menu_social_hover_links_bg":"","ocean_menu_social_links_color":"","ocean_menu_social_hover_links_color":"","ocean_disable_title":"on","ocean_disable_heading":"default","ocean_post_title":"","ocean_post_subheading":"","ocean_post_title_style":"","ocean_post_title_background_color":"","ocean_post_title_background":0,"ocean_post_title_bg_image_position":"","ocean_post_title_bg_image_attachment":"","ocean_post_title_bg_image_repeat":"","ocean_post_title_bg_image_size":"","ocean_post_title_height":0,"ocean_post_title_bg_overlay":0.5,"ocean_post_title_bg_overlay_color":"","ocean_disable_breadcrumbs":"default","ocean_breadcrumbs_color":"","ocean_breadcrumbs_separator_color":"","ocean_breadcrumbs_links_color":"","ocean_breadcrumbs_links_hover_color":"","ocean_display_footer_widgets":"default","ocean_display_footer_bottom":"default","ocean_custom_footer_template":"","footnotes":""},"class_list":["post-1516","page","type-page","status-publish","hentry","entry"],"_links":{"self":[{"href":"https:\/\/terapiapedagogicznaok.pl\/index.php?rest_route=\/wp\/v2\/pages\/1516","targetHints":{"allow":["GET"]}}],"collection":[{"href":"https:\/\/terapiapedagogicznaok.pl\/index.php?rest_route=\/wp\/v2\/pages"}],"about":[{"href":"https:\/\/terapiapedagogicznaok.pl\/index.php?rest_route=\/wp\/v2\/types\/page"}],"author":[{"embeddable":true,"href":"https:\/\/terapiapedagogicznaok.pl\/index.php?rest_route=\/wp\/v2\/users\/1"}],"replies":[{"embeddable":true,"href":"https:\/\/terapiapedagogicznaok.pl\/index.php?rest_route=%2Fwp%2Fv2%2Fcomments&post=1516"}],"version-history":[{"count":32,"href":"https:\/\/terapiapedagogicznaok.pl\/index.php?rest_route=\/wp\/v2\/pages\/1516\/revisions"}],"predecessor-version":[{"id":1556,"href":"https:\/\/terapiapedagogicznaok.pl\/index.php?rest_route=\/wp\/v2\/pages\/1516\/revisions\/1556"}],"wp:attachment":[{"href":"https:\/\/terapiapedagogicznaok.pl\/index.php?rest_route=%2Fwp%2Fv2%2Fmedia&parent=1516"}],"curies":[{"name":"wp","href":"https:\/\/api.w.org\/{rel}","templated":true}]}}